{"id":1352,"date":"2023-05-29T07:40:35","date_gmt":"2023-05-29T07:40:35","guid":{"rendered":"https:\/\/maillotsthailand.com\/?post_type=product&#038;p=1352"},"modified":"2026-02-26T02:41:21","modified_gmt":"2026-02-26T02:41:21","slug":"maillots-thailand-mm5-maillots-m-d-l-r-noir","status":"publish","type":"product","link":"https:\/\/gooddaysport.com\/en\/product\/maillots-thailand-mm5-maillots-m-d-l-r-noir\/","title":{"rendered":"Maillots thailand MM5 Maillots M.D.L.R. Noir"},"content":{"rendered":"<div id=\"tab-description\" class=\"woocommerce-Tabs-panel woocommerce-Tabs-panel--description panel entry-content active\" role=\"tabpanel\" aria-labelledby=\"tab-title-description\">\n<div id=\"tab-description\" class=\"woocommerce-Tabs-panel woocommerce-Tabs-panel--description panel entry-content active\" role=\"tabpanel\" aria-labelledby=\"tab-title-description\">\n<div id=\"tab-description\" class=\"woocommerce-Tabs-panel woocommerce-Tabs-panel--description panel entry-content active\" role=\"tabpanel\" aria-labelledby=\"tab-title-description\">\n<div id=\"tab-description\" class=\"woocommerce-Tabs-panel woocommerce-Tabs-panel--description panel entry-content active\" role=\"tabpanel\" aria-labelledby=\"tab-title-description\">\n<div id=\"tab-description\" class=\"woocommerce-Tabs-panel woocommerce-Tabs-panel--description panel entry-content active\" role=\"tabpanel\" aria-labelledby=\"tab-title-description\">\n<div id=\"tab-description\" class=\"woocommerce-Tabs-panel woocommerce-Tabs-panel--description panel entry-content active\" role=\"tabpanel\" aria-labelledby=\"tab-title-description\">\n<div id=\"tab-description\" class=\"woocommerce-Tabs-panel woocommerce-Tabs-panel--description panel entry-content active\" role=\"tabpanel\" aria-labelledby=\"tab-title-description\">\n<div id=\"tab-description\" class=\"woocommerce-Tabs-panel woocommerce-Tabs-panel--description panel entry-content active\" role=\"tabpanel\" aria-labelledby=\"tab-title-description\">\n<div id=\"tab-description\" class=\"woocommerce-Tabs-panel woocommerce-Tabs-panel--description panel entry-content active\" role=\"tabpanel\" aria-labelledby=\"tab-title-description\">\n<div id=\"tab-description\" class=\"woocommerce-Tabs-panel woocommerce-Tabs-panel--description panel entry-content active\" role=\"tabpanel\" aria-labelledby=\"tab-title-description\">\n<div id=\"tab-description\" class=\"woocommerce-Tabs-panel woocommerce-Tabs-panel--description panel entry-content active\" role=\"tabpanel\" aria-labelledby=\"tab-title-description\">\n<p><strong>Description<\/strong><br \/>\nMaillots thailand MM5<br \/>\nLe Maillots thailand MM5. est un incontournable pour les fans de football et les amateurs de mode sportive. Ce maillot tendance et \u00e9l\u00e9gant offre un confort optimal et une qualit\u00e9 sup\u00e9rieure, pour une durabilit\u00e9 \u00e0 toute \u00e9preuve.<br \/>\n<strong>Information utiles :<\/strong><br \/>\nPersonnalisation gratuite : ajoutez votre nom, num\u00e9ro et \/sponsor \/ patch de votre choix.<br \/>\nCoupe ajust\u00e9e pour une aisance de mouvement parfaite.<br \/>\nLarge choix de sponsors tels que Yamaha, Red Bull, KTM ou JUL.<br \/>\nMaillots thailand officiel 100% polyester, garantissant qualit\u00e9 et authenticit\u00e9.<br \/>\nLavage en machine \u00e0 30\u00b0 \u00e0 l\u2019envers pour pr\u00e9server la qualit\u00e9 du flocage et des logos.<br \/>\n<strong>s\u00e9lection de taille<\/strong><br \/>\nLa taille sera la taille normale pour l\u2019Asie. Si vous \u00eates plus gros,<br \/>\nvous devez ajouter une taille de plus, et par rapport \u00e0 la taille europ\u00e9enne, la taille asiatique est l\u00e9g\u00e8rement plus petite.<\/p>\n<p><strong>important<\/strong><br \/>\nN\u2019oubliez pas de choisir la couleur du nom, du num\u00e9ro et des sponsors.<br \/>\n(Si vous ne choisissez pas, nous vous enverrons en cons\u00e9quence comme l\u2019image principale)<\/p>\n<p>The prices indicated in the catalog are in Euros. VAT not included Customs charges may apply in some countries. We are not responsible for customs fees that are charged.<br \/>\nUne fois achet\u00e9s, les produits ne peuvent \u00eatre ni \u00e9chang\u00e9s ni retourn\u00e9s. Veuillez lire les d\u00e9tails avant de d\u00e9cider de commander.<\/p>\n<\/div>\n<\/div>\n<\/div>\n<\/div>\n<\/div>\n<\/div>\n<\/div>\n<\/div>\n<\/div>\n<\/div>\n<\/div>\n","protected":false},"excerpt":{"rendered":"<p>Description Maillots thailand MM5 Le Maillots thailand MM5. est un incontournable pour les fans de football et les amateurs de mode sportive. Ce maillot tendance et \u00e9l\u00e9gant offre un confort optimal et une qualit\u00e9 sup\u00e9rieure, pour une durabilit\u00e9 \u00e0 toute \u00e9preuve. Information utiles : Personnalisation gratuite : ajoutez votre nom, num\u00e9ro et \/sponsor \/ patch [&#8230;]\n","protected":false},"featured_media":11576,"template":"","meta":{"inline_featured_image":false},"product_brand":[],"product_cat":[15,77],"product_tag":[],"class_list":{"0":"post-1352","1":"product","2":"type-product","3":"status-publish","4":"has-post-thumbnail","6":"product_cat-maillots-90minute","7":"product_cat-mm5","9":"first","10":"instock","11":"shipping-taxable","12":"purchasable","13":"product-type-variable"},"_links":{"self":[{"href":"https:\/\/gooddaysport.com\/en\/wp-json\/wp\/v2\/product\/1352","targetHints":{"allow":["GET"]}}],"collection":[{"href":"https:\/\/gooddaysport.com\/en\/wp-json\/wp\/v2\/product"}],"about":[{"href":"https:\/\/gooddaysport.com\/en\/wp-json\/wp\/v2\/types\/product"}],"wp:featuredmedia":[{"embeddable":true,"href":"https:\/\/gooddaysport.com\/en\/wp-json\/wp\/v2\/media\/11576"}],"wp:attachment":[{"href":"https:\/\/gooddaysport.com\/en\/wp-json\/wp\/v2\/media?parent=1352"}],"wp:term":[{"taxonomy":"product_brand","embeddable":true,"href":"https:\/\/gooddaysport.com\/en\/wp-json\/wp\/v2\/product_brand?post=1352"},{"taxonomy":"product_cat","embeddable":true,"href":"https:\/\/gooddaysport.com\/en\/wp-json\/wp\/v2\/product_cat?post=1352"},{"taxonomy":"product_tag","embeddable":true,"href":"https:\/\/gooddaysport.com\/en\/wp-json\/wp\/v2\/product_tag?post=1352"}],"curies":[{"name":"wp","href":"https:\/\/api.w.org\/{rel}","templated":true}]}}