{"id":15647,"date":"2025-12-02T09:37:47","date_gmt":"2025-12-02T09:37:47","guid":{"rendered":"https:\/\/gooddaysport.com\/?post_type=product&#038;p=15647"},"modified":"2026-02-26T02:44:26","modified_gmt":"2026-02-26T02:44:26","slug":"maillots-thailand-90minutes-mm10-maillots-jul-dor-et-de-platine-bleu-sky","status":"publish","type":"product","link":"https:\/\/gooddaysport.com\/en\/product\/maillots-thailand-90minutes-mm10-maillots-jul-dor-et-de-platine-bleu-sky\/","title":{"rendered":"Maillots thailand 90Minutes MM10 Maillots JUL Dor et de Platine (Bleu Sky)"},"content":{"rendered":"<div id=\"tab-description\" class=\"woocommerce-Tabs-panel woocommerce-Tabs-panel--description panel entry-content active\" role=\"tabpanel\" aria-labelledby=\"tab-title-description\">\n<div id=\"tab-description\" class=\"woocommerce-Tabs-panel woocommerce-Tabs-panel--description panel entry-content active\" role=\"tabpanel\" aria-labelledby=\"tab-title-description\">\n<div id=\"tab-description\" class=\"woocommerce-Tabs-panel woocommerce-Tabs-panel--description panel entry-content active\" role=\"tabpanel\" aria-labelledby=\"tab-title-description\">\n<div id=\"tab-description\" class=\"woocommerce-Tabs-panel woocommerce-Tabs-panel--description panel entry-content active\" role=\"tabpanel\" aria-labelledby=\"tab-title-description\">\n<div id=\"tab-description\" class=\"woocommerce-Tabs-panel woocommerce-Tabs-panel--description panel entry-content active\" role=\"tabpanel\" aria-labelledby=\"tab-title-description\">\n<div id=\"tab-description\" class=\"woocommerce-Tabs-panel woocommerce-Tabs-panel--description panel entry-content active\" role=\"tabpanel\" aria-labelledby=\"tab-title-description\">\n<div id=\"tab-description\" class=\"woocommerce-Tabs-panel woocommerce-Tabs-panel--description panel entry-content active\" role=\"tabpanel\" aria-labelledby=\"tab-title-description\">\n<div id=\"tab-description\" class=\"woocommerce-Tabs-panel woocommerce-Tabs-panel--description panel entry-content active\" role=\"tabpanel\" aria-labelledby=\"tab-title-description\">\n<div id=\"tab-description\" class=\"woocommerce-Tabs-panel woocommerce-Tabs-panel--description panel entry-content active\" role=\"tabpanel\" aria-labelledby=\"tab-title-description\">\n<div id=\"tab-description\" class=\"woocommerce-Tabs-panel woocommerce-Tabs-panel--description panel entry-content active\" role=\"tabpanel\" aria-labelledby=\"tab-title-description\">\n<div id=\"tab-description\" class=\"woocommerce-Tabs-panel woocommerce-Tabs-panel--description panel entry-content active\" role=\"tabpanel\" aria-labelledby=\"tab-title-description\">\n<div id=\"tab-description\" class=\"woocommerce-Tabs-panel woocommerce-Tabs-panel--description panel entry-content active\" role=\"tabpanel\" aria-labelledby=\"tab-title-description\">\n<div id=\"tab-description\" class=\"woocommerce-Tabs-panel woocommerce-Tabs-panel--description panel entry-content active\" role=\"tabpanel\" aria-labelledby=\"tab-title-description\">\n<div id=\"tab-description\" class=\"woocommerce-Tabs-panel woocommerce-Tabs-panel--description panel entry-content active\" role=\"tabpanel\" aria-labelledby=\"tab-title-description\">\n<div id=\"tab-description\" class=\"woocommerce-Tabs-panel woocommerce-Tabs-panel--description panel entry-content active\" role=\"tabpanel\" aria-labelledby=\"tab-title-description\">\n<div id=\"tab-description\" class=\"woocommerce-Tabs-panel woocommerce-Tabs-panel--description panel entry-content active\" role=\"tabpanel\" aria-labelledby=\"tab-title-description\">\n<p><strong>Description<\/strong><br \/>\nMaillot thailande 90Minute MM10<br \/>\nLe Maillot thailande 90Minute MM10. est un incontournable pour les fans de football et les amateurs de mode sportive. Ce maillot tendance et \u00e9l\u00e9gant offre un confort optimal et une qualit\u00e9 sup\u00e9rieure, pour une durabilit\u00e9 \u00e0 toute \u00e9preuve.<br \/>\n<strong>Information utiles :<\/strong><br \/>\nPersonnalisation gratuite : ajoutez votre nom, num\u00e9ro et \/sponsor \/ patch de votre choix.<br \/>\nCoupe ajust\u00e9e pour une aisance de mouvement parfaite.<br \/>\nLarge choix de sponsors tels que Yamaha, Red Bull, KTM ou JUL.<br \/>\nMaillot officiel 90 Minute 100% polyester, garantissant qualit\u00e9 et authenticit\u00e9.<br \/>\nLavage en machine \u00e0 30\u00b0 \u00e0 l\u2019envers pour pr\u00e9server la qualit\u00e9 du flocage et des logos.<br \/>\n<strong>s\u00e9lection de taille<\/strong><br \/>\nLa taille sera la taille normale pour l\u2019Asie. Si vous \u00eates plus gros,<br \/>\nvous devez ajouter une taille de plus, et par rapport \u00e0 la taille europ\u00e9enne, la taille asiatique est l\u00e9g\u00e8rement plus petite.<\/p>\n<p><strong>important<\/strong><br \/>\nN\u2019oubliez pas de choisir la couleur du nom, du num\u00e9ro et des sponsors.<br \/>\n(Si vous ne choisissez pas, nous vous enverrons en cons\u00e9quence comme l\u2019image principale)<\/p>\n<\/div>\n<\/div>\n<\/div>\n<\/div>\n<\/div>\n<\/div>\n<\/div>\n<\/div>\n<\/div>\n<\/div>\n<\/div>\n<\/div>\n<\/div>\n<\/div>\n<\/div>\n<\/div>\n","protected":false},"excerpt":{"rendered":"<p>Description Maillot thailande 90Minute MM10 Le Maillot thailande 90Minute MM10. est un incontournable pour les fans de football et les amateurs de mode sportive. Ce maillot tendance et \u00e9l\u00e9gant offre un confort optimal et une qualit\u00e9 sup\u00e9rieure, pour une durabilit\u00e9 \u00e0 toute \u00e9preuve. Information utiles : Personnalisation gratuite : ajoutez votre nom, num\u00e9ro et \/sponsor [&#8230;]\n","protected":false},"featured_media":15607,"template":"","meta":{"inline_featured_image":false},"product_brand":[],"product_cat":[15,195],"product_tag":[],"class_list":{"0":"post-15647","1":"product","2":"type-product","3":"status-publish","4":"has-post-thumbnail","6":"product_cat-maillots-90minute","7":"product_cat-maillots-thailand-mm10-en","9":"first","10":"instock","11":"shipping-taxable","12":"purchasable","13":"product-type-variable"},"_links":{"self":[{"href":"https:\/\/gooddaysport.com\/en\/wp-json\/wp\/v2\/product\/15647","targetHints":{"allow":["GET"]}}],"collection":[{"href":"https:\/\/gooddaysport.com\/en\/wp-json\/wp\/v2\/product"}],"about":[{"href":"https:\/\/gooddaysport.com\/en\/wp-json\/wp\/v2\/types\/product"}],"wp:featuredmedia":[{"embeddable":true,"href":"https:\/\/gooddaysport.com\/en\/wp-json\/wp\/v2\/media\/15607"}],"wp:attachment":[{"href":"https:\/\/gooddaysport.com\/en\/wp-json\/wp\/v2\/media?parent=15647"}],"wp:term":[{"taxonomy":"product_brand","embeddable":true,"href":"https:\/\/gooddaysport.com\/en\/wp-json\/wp\/v2\/product_brand?post=15647"},{"taxonomy":"product_cat","embeddable":true,"href":"https:\/\/gooddaysport.com\/en\/wp-json\/wp\/v2\/product_cat?post=15647"},{"taxonomy":"product_tag","embeddable":true,"href":"https:\/\/gooddaysport.com\/en\/wp-json\/wp\/v2\/product_tag?post=15647"}],"curies":[{"name":"wp","href":"https:\/\/api.w.org\/{rel}","templated":true}]}}